{"id":478,"date":"2025-03-09T22:23:29","date_gmt":"2025-03-09T21:23:29","guid":{"rendered":"https:\/\/vktzunami.cz\/?page_id=478"},"modified":"2025-03-13T22:44:43","modified_gmt":"2025-03-13T21:44:43","slug":"jizdy-na-raftech-a-kanoich","status":"publish","type":"page","link":"https:\/\/vktzunami.cz\/?page_id=478","title":{"rendered":"J\u00edzdy na raftech a kano\u00edch"},"content":{"rendered":"\n<div class=\"wp-block-cover alignfull\" style=\"padding-top:2%;min-height:60rem;aspect-ratio:unset;\"><span aria-hidden=\"true\" class=\"wp-block-cover__background has-background-dim-40 has-background-dim\" style=\"background-color:#82715d\"><\/span><img loading=\"lazy\" decoding=\"async\" width=\"1440\" height=\"1085\" class=\"wp-block-cover__image-background wp-image-568\" alt=\"\" src=\"https:\/\/vktzunami.cz\/wp-content\/uploads\/2025\/03\/et5m5snk.png\" data-object-fit=\"cover\" srcset=\"https:\/\/vktzunami.cz\/wp-content\/uploads\/2025\/03\/et5m5snk.png 1440w, https:\/\/vktzunami.cz\/wp-content\/uploads\/2025\/03\/et5m5snk-300x226.png 300w, https:\/\/vktzunami.cz\/wp-content\/uploads\/2025\/03\/et5m5snk-1024x772.png 1024w, https:\/\/vktzunami.cz\/wp-content\/uploads\/2025\/03\/et5m5snk-768x579.png 768w\" sizes=\"auto, (max-width: 1440px) 100vw, 1440px\" \/><div class=\"wp-block-cover__inner-container has-global-padding is-layout-constrained wp-container-core-cover-is-layout-1 wp-block-cover-is-layout-constrained\">\n<h5 class=\"wp-block-heading has-text-align-center\" style=\"font-size:clamp(50.171px, 3.136rem + ((1vw - 3.2px) * 5.662), 100px);\">Rafty a kanoe pro ve\u0159ejnost<\/h5>\n<\/div><\/div>\n\n\n\n<p class=\"has-text-align-left has-text-color\" style=\"color:#536942;font-size:clamp(15.747px, 0.984rem + ((1vw - 3.2px) * 0.938), 24px);\">Pro v\u0161echny ostatn\u00ed, kte\u0159\u00ed tou\u017e\u00ed po adrenalinu, nab\u00edz\u00edme&nbsp;<strong>rafting a kanoe na \u0159ek\u00e1ch Ostravice, Odra, Opava a Ol\u0161e<\/strong>.<\/p>\n\n\n\n<p class=\"has-text-color\" style=\"color:#536942;font-size:clamp(15.747px, 0.984rem + ((1vw - 3.2px) * 0.938), 24px);\"><strong>OSTRAVICE<\/strong>: Start je u Lod\u011bnice (prav\u00fd b\u0159eh), c\u00edl v Koblov\u011b na \u0159ece Od\u0159e 500 metr\u016f&nbsp;pod soutokem Ostravice a Odry pod silni\u010dn\u00edm mostem (lev\u00fd b\u0159eh).<\/p>\n\n\n\n<p class=\"has-text-color\" style=\"color:#536942;font-size:clamp(15.747px, 0.984rem + ((1vw - 3.2px) * 0.938), 24px);\"><strong>ODRA<\/strong>:&nbsp;Start je&nbsp;v Koblov\u011b na \u0159ece Od\u0159e 500 metr\u016f&nbsp;pod&nbsp;soutokem Ostravice a Odry pod silni\u010dn\u00edm mostem (lev\u00fd b\u0159eh). C\u00edl je ve Star\u00e9m Bohum\u00edn\u011b (prav\u00fd b\u0159eh) nebo v Chalupk\u00e1ch (lev\u00fd b\u0159eh), nebo v Zabelkov\u011b (lev\u00fd b\u0159eh).<\/p>\n\n\n\n<p class=\"has-text-color\" style=\"color:#536942;font-size:clamp(15.747px, 0.984rem + ((1vw - 3.2px) * 0.938), 24px);\"><strong>OPAVA<\/strong>: Start je v H\u00e1ji ve Slezsku (lev\u00fd b\u0159eh), c\u00edl je v D\u011bhylov\u011b (prav\u00fd b\u0159eh), nebo T\u0159ebovic\u00edch (lev\u00fd nebo prav\u00fd b\u0159eh).<\/p>\n\n\n\n<p class=\"has-text-color\" style=\"color:#536942;font-size:clamp(15.747px, 0.984rem + ((1vw - 3.2px) * 0.938), 24px);\"><strong>OL\u0160E<\/strong>: Start je v Doln\u00ed Lutyni-V\u011b\u0159\u0148ovic\u00edch (lev\u00fd b\u0159eh), c\u00edl je v Zabelkov\u011b (lev\u00fd b\u0159eh) 500 m pod soutokem s Odrou za silni\u010dn\u00edm mostem.<\/p>\n\n\n\n<p class=\"has-text-color\" style=\"color:#536942;font-size:clamp(15.747px, 0.984rem + ((1vw - 3.2px) * 0.938), 24px);\">Na\u0161e zku\u0161en\u00e9 instruktory m\u00e1te po celou dobu po ruce, a ve\u0161ker\u00e9 pot\u0159ebn\u00e9 vybaven\u00ed, v\u010detn\u011b raft\u016f, vest a p\u00e1del, v\u00e1m zap\u016fj\u010d\u00edme. Cena je individu\u00e1ln\u00ed podle po\u010dtu osob a d\u00e9lky programu. Po\u0161lete n\u00e1m e-mail a my se v\u00e1m ozveme a spole\u010dn\u011b napl\u00e1nujeme va\u0161i plavbu.<\/p>\n\n\n\n<div class=\"wp-block-buttons is-content-justification-center is-layout-flex wp-container-core-buttons-is-layout-1 wp-block-buttons-is-layout-flex\">\n<div class=\"wp-block-button has-custom-font-size\" style=\"font-size:clamp(14px, 0.875rem + ((1vw - 3.2px) * 0.568), 19px);font-style:normal;font-weight:700\"><a class=\"wp-block-button__link has-text-color has-background wp-element-button\" href=\"https:\/\/vktzunami.cz\/?page_id=18\" style=\"border-radius:50px;color:#ffffff;background-color:#6cd8af;padding-top:20px;padding-right:48px;padding-bottom:20px;padding-left:48px\">Chci j\u00edzdu na \u0159ece<\/a><\/div>\n<\/div>\n\n\n\n<p><\/p>\n","protected":false},"excerpt":{"rendered":"<p>Pro v\u0161echny ostatn\u00ed, kte\u0159\u00ed tou\u017e\u00ed po adrenalinu, nab\u00edz\u00edme&nbsp;rafting a kanoe na \u0159ek\u00e1ch Ostravice, Odra, Opava a Ol\u0161e. OSTRAVICE: Start je u Lod\u011bnice (prav\u00fd b\u0159eh), c\u00edl v Koblov\u011b na \u0159ece Od\u0159e 500 metr\u016f&nbsp;pod soutokem Ostravice a Odry pod silni\u010dn\u00edm mostem (lev\u00fd b\u0159eh). ODRA:&nbsp;Start je&nbsp;v Koblov\u011b na \u0159ece Od\u0159e 500 metr\u016f&nbsp;pod&nbsp;soutokem Ostravice a Odry pod silni\u010dn\u00edm mostem [&hellip;]<\/p>\n","protected":false},"author":1,"featured_media":0,"parent":0,"menu_order":0,"comment_status":"closed","ping_status":"closed","template":"","meta":{"footnotes":""},"class_list":["post-478","page","type-page","status-publish","hentry"],"yoast_head":"<!-- This site is optimized with the Yoast SEO plugin v25.1 - https:\/\/yoast.com\/wordpress\/plugins\/seo\/ -->\n<title>J\u00edzdy na raftech a kano\u00edch - VK Tzunami Ostrava<\/title>\n<meta name=\"robots\" content=\"index, follow, max-snippet:-1, max-image-preview:large, max-video-preview:-1\" \/>\n<link rel=\"canonical\" href=\"https:\/\/vktzunami.cz\/?page_id=478\" \/>\n<meta property=\"og:locale\" content=\"cs_CZ\" \/>\n<meta property=\"og:type\" content=\"article\" \/>\n<meta property=\"og:title\" content=\"J\u00edzdy na raftech a kano\u00edch - VK Tzunami Ostrava\" \/>\n<meta property=\"og:description\" content=\"Pro v\u0161echny ostatn\u00ed, kte\u0159\u00ed tou\u017e\u00ed po adrenalinu, nab\u00edz\u00edme&nbsp;rafting a kanoe na \u0159ek\u00e1ch Ostravice, Odra, Opava a Ol\u0161e. OSTRAVICE: Start je u Lod\u011bnice (prav\u00fd b\u0159eh), c\u00edl v Koblov\u011b na \u0159ece Od\u0159e 500 metr\u016f&nbsp;pod soutokem Ostravice a Odry pod silni\u010dn\u00edm mostem (lev\u00fd b\u0159eh). ODRA:&nbsp;Start je&nbsp;v Koblov\u011b na \u0159ece Od\u0159e 500 metr\u016f&nbsp;pod&nbsp;soutokem Ostravice a Odry pod silni\u010dn\u00edm mostem [&hellip;]\" \/>\n<meta property=\"og:url\" content=\"https:\/\/vktzunami.cz\/?page_id=478\" \/>\n<meta property=\"og:site_name\" content=\"VK Tzunami Ostrava\" \/>\n<meta property=\"article:publisher\" content=\"https:\/\/www.facebook.com\/www.vktzunami.cz\" \/>\n<meta property=\"article:modified_time\" content=\"2025-03-13T21:44:43+00:00\" \/>\n<meta property=\"og:image\" content=\"https:\/\/vktzunami.cz\/wp-content\/uploads\/2025\/03\/et5m5snk-1024x772.png\" \/>\n\t<meta property=\"og:image:width\" content=\"1024\" \/>\n\t<meta property=\"og:image:height\" content=\"772\" \/>\n\t<meta property=\"og:image:type\" content=\"image\/png\" \/>\n<meta name=\"twitter:card\" content=\"summary_large_image\" \/>\n<meta name=\"twitter:label1\" content=\"Odhadovan\u00e1 doba \u010dten\u00ed\" \/>\n\t<meta name=\"twitter:data1\" content=\"2 minuty\" \/>\n<script type=\"application\/ld+json\" class=\"yoast-schema-graph\">{\"@context\":\"https:\/\/schema.org\",\"@graph\":[{\"@type\":\"WebPage\",\"@id\":\"https:\/\/vktzunami.cz\/?page_id=478\",\"url\":\"https:\/\/vktzunami.cz\/?page_id=478\",\"name\":\"J\u00edzdy na raftech a kano\u00edch - VK Tzunami Ostrava\",\"isPartOf\":{\"@id\":\"https:\/\/vktzunami.cz\/#website\"},\"primaryImageOfPage\":{\"@id\":\"https:\/\/vktzunami.cz\/?page_id=478#primaryimage\"},\"image\":{\"@id\":\"https:\/\/vktzunami.cz\/?page_id=478#primaryimage\"},\"thumbnailUrl\":\"https:\/\/vktzunami.cz\/wp-content\/uploads\/2025\/03\/et5m5snk.png\",\"datePublished\":\"2025-03-09T21:23:29+00:00\",\"dateModified\":\"2025-03-13T21:44:43+00:00\",\"breadcrumb\":{\"@id\":\"https:\/\/vktzunami.cz\/?page_id=478#breadcrumb\"},\"inLanguage\":\"cs\",\"potentialAction\":[{\"@type\":\"ReadAction\",\"target\":[\"https:\/\/vktzunami.cz\/?page_id=478\"]}]},{\"@type\":\"ImageObject\",\"inLanguage\":\"cs\",\"@id\":\"https:\/\/vktzunami.cz\/?page_id=478#primaryimage\",\"url\":\"https:\/\/vktzunami.cz\/wp-content\/uploads\/2025\/03\/et5m5snk.png\",\"contentUrl\":\"https:\/\/vktzunami.cz\/wp-content\/uploads\/2025\/03\/et5m5snk.png\",\"width\":1440,\"height\":1085},{\"@type\":\"BreadcrumbList\",\"@id\":\"https:\/\/vktzunami.cz\/?page_id=478#breadcrumb\",\"itemListElement\":[{\"@type\":\"ListItem\",\"position\":1,\"name\":\"Dom\u016f\",\"item\":\"https:\/\/vktzunami.cz\/\"},{\"@type\":\"ListItem\",\"position\":2,\"name\":\"J\u00edzdy na raftech a kano\u00edch\"}]},{\"@type\":\"WebSite\",\"@id\":\"https:\/\/vktzunami.cz\/#website\",\"url\":\"https:\/\/vktzunami.cz\/\",\"name\":\"VK Tzunami Ostrava\",\"description\":\"Vodn\u00ed slalom v Ostrav\u011b\",\"publisher\":{\"@id\":\"https:\/\/vktzunami.cz\/#organization\"},\"potentialAction\":[{\"@type\":\"SearchAction\",\"target\":{\"@type\":\"EntryPoint\",\"urlTemplate\":\"https:\/\/vktzunami.cz\/?s={search_term_string}\"},\"query-input\":{\"@type\":\"PropertyValueSpecification\",\"valueRequired\":true,\"valueName\":\"search_term_string\"}}],\"inLanguage\":\"cs\"},{\"@type\":\"Organization\",\"@id\":\"https:\/\/vktzunami.cz\/#organization\",\"name\":\"VK Tzunami Ostrava\",\"url\":\"https:\/\/vktzunami.cz\/\",\"logo\":{\"@type\":\"ImageObject\",\"inLanguage\":\"cs\",\"@id\":\"https:\/\/vktzunami.cz\/#\/schema\/logo\/image\/\",\"url\":\"https:\/\/vktzunami.cz\/wp-content\/uploads\/2024\/08\/LOGO_Tzunami.png\",\"contentUrl\":\"https:\/\/vktzunami.cz\/wp-content\/uploads\/2024\/08\/LOGO_Tzunami.png\",\"width\":4023,\"height\":2314,\"caption\":\"VK Tzunami Ostrava\"},\"image\":{\"@id\":\"https:\/\/vktzunami.cz\/#\/schema\/logo\/image\/\"},\"sameAs\":[\"https:\/\/www.facebook.com\/www.vktzunami.cz\"]}]}<\/script>\n<!-- \/ Yoast SEO plugin. -->","yoast_head_json":{"title":"J\u00edzdy na raftech a kano\u00edch - VK Tzunami Ostrava","robots":{"index":"index","follow":"follow","max-snippet":"max-snippet:-1","max-image-preview":"max-image-preview:large","max-video-preview":"max-video-preview:-1"},"canonical":"https:\/\/vktzunami.cz\/?page_id=478","og_locale":"cs_CZ","og_type":"article","og_title":"J\u00edzdy na raftech a kano\u00edch - VK Tzunami Ostrava","og_description":"Pro v\u0161echny ostatn\u00ed, kte\u0159\u00ed tou\u017e\u00ed po adrenalinu, nab\u00edz\u00edme&nbsp;rafting a kanoe na \u0159ek\u00e1ch Ostravice, Odra, Opava a Ol\u0161e. OSTRAVICE: Start je u Lod\u011bnice (prav\u00fd b\u0159eh), c\u00edl v Koblov\u011b na \u0159ece Od\u0159e 500 metr\u016f&nbsp;pod soutokem Ostravice a Odry pod silni\u010dn\u00edm mostem (lev\u00fd b\u0159eh). ODRA:&nbsp;Start je&nbsp;v Koblov\u011b na \u0159ece Od\u0159e 500 metr\u016f&nbsp;pod&nbsp;soutokem Ostravice a Odry pod silni\u010dn\u00edm mostem [&hellip;]","og_url":"https:\/\/vktzunami.cz\/?page_id=478","og_site_name":"VK Tzunami Ostrava","article_publisher":"https:\/\/www.facebook.com\/www.vktzunami.cz","article_modified_time":"2025-03-13T21:44:43+00:00","og_image":[{"width":1024,"height":772,"url":"https:\/\/vktzunami.cz\/wp-content\/uploads\/2025\/03\/et5m5snk-1024x772.png","type":"image\/png"}],"twitter_card":"summary_large_image","twitter_misc":{"Odhadovan\u00e1 doba \u010dten\u00ed":"2 minuty"},"schema":{"@context":"https:\/\/schema.org","@graph":[{"@type":"WebPage","@id":"https:\/\/vktzunami.cz\/?page_id=478","url":"https:\/\/vktzunami.cz\/?page_id=478","name":"J\u00edzdy na raftech a kano\u00edch - VK Tzunami Ostrava","isPartOf":{"@id":"https:\/\/vktzunami.cz\/#website"},"primaryImageOfPage":{"@id":"https:\/\/vktzunami.cz\/?page_id=478#primaryimage"},"image":{"@id":"https:\/\/vktzunami.cz\/?page_id=478#primaryimage"},"thumbnailUrl":"https:\/\/vktzunami.cz\/wp-content\/uploads\/2025\/03\/et5m5snk.png","datePublished":"2025-03-09T21:23:29+00:00","dateModified":"2025-03-13T21:44:43+00:00","breadcrumb":{"@id":"https:\/\/vktzunami.cz\/?page_id=478#breadcrumb"},"inLanguage":"cs","potentialAction":[{"@type":"ReadAction","target":["https:\/\/vktzunami.cz\/?page_id=478"]}]},{"@type":"ImageObject","inLanguage":"cs","@id":"https:\/\/vktzunami.cz\/?page_id=478#primaryimage","url":"https:\/\/vktzunami.cz\/wp-content\/uploads\/2025\/03\/et5m5snk.png","contentUrl":"https:\/\/vktzunami.cz\/wp-content\/uploads\/2025\/03\/et5m5snk.png","width":1440,"height":1085},{"@type":"BreadcrumbList","@id":"https:\/\/vktzunami.cz\/?page_id=478#breadcrumb","itemListElement":[{"@type":"ListItem","position":1,"name":"Dom\u016f","item":"https:\/\/vktzunami.cz\/"},{"@type":"ListItem","position":2,"name":"J\u00edzdy na raftech a kano\u00edch"}]},{"@type":"WebSite","@id":"https:\/\/vktzunami.cz\/#website","url":"https:\/\/vktzunami.cz\/","name":"VK Tzunami Ostrava","description":"Vodn\u00ed slalom v Ostrav\u011b","publisher":{"@id":"https:\/\/vktzunami.cz\/#organization"},"potentialAction":[{"@type":"SearchAction","target":{"@type":"EntryPoint","urlTemplate":"https:\/\/vktzunami.cz\/?s={search_term_string}"},"query-input":{"@type":"PropertyValueSpecification","valueRequired":true,"valueName":"search_term_string"}}],"inLanguage":"cs"},{"@type":"Organization","@id":"https:\/\/vktzunami.cz\/#organization","name":"VK Tzunami Ostrava","url":"https:\/\/vktzunami.cz\/","logo":{"@type":"ImageObject","inLanguage":"cs","@id":"https:\/\/vktzunami.cz\/#\/schema\/logo\/image\/","url":"https:\/\/vktzunami.cz\/wp-content\/uploads\/2024\/08\/LOGO_Tzunami.png","contentUrl":"https:\/\/vktzunami.cz\/wp-content\/uploads\/2024\/08\/LOGO_Tzunami.png","width":4023,"height":2314,"caption":"VK Tzunami Ostrava"},"image":{"@id":"https:\/\/vktzunami.cz\/#\/schema\/logo\/image\/"},"sameAs":["https:\/\/www.facebook.com\/www.vktzunami.cz"]}]}},"_links":{"self":[{"href":"https:\/\/vktzunami.cz\/index.php?rest_route=\/wp\/v2\/pages\/478","targetHints":{"allow":["GET"]}}],"collection":[{"href":"https:\/\/vktzunami.cz\/index.php?rest_route=\/wp\/v2\/pages"}],"about":[{"href":"https:\/\/vktzunami.cz\/index.php?rest_route=\/wp\/v2\/types\/page"}],"author":[{"embeddable":true,"href":"https:\/\/vktzunami.cz\/index.php?rest_route=\/wp\/v2\/users\/1"}],"replies":[{"embeddable":true,"href":"https:\/\/vktzunami.cz\/index.php?rest_route=%2Fwp%2Fv2%2Fcomments&post=478"}],"version-history":[{"count":12,"href":"https:\/\/vktzunami.cz\/index.php?rest_route=\/wp\/v2\/pages\/478\/revisions"}],"predecessor-version":[{"id":626,"href":"https:\/\/vktzunami.cz\/index.php?rest_route=\/wp\/v2\/pages\/478\/revisions\/626"}],"wp:attachment":[{"href":"https:\/\/vktzunami.cz\/index.php?rest_route=%2Fwp%2Fv2%2Fmedia&parent=478"}],"curies":[{"name":"wp","href":"https:\/\/api.w.org\/{rel}","templated":true}]}}